{"id":1024,"date":"2025-12-19T07:57:39","date_gmt":"2025-12-19T07:57:39","guid":{"rendered":"https:\/\/islamische-bestattung.de\/accompagnement-de-deuil-et-assistance-spirituelle-musulmane\/"},"modified":"2026-02-01T14:04:19","modified_gmt":"2026-02-01T14:04:19","slug":"accompagnement-de-deuil-et-assistance-spirituelle-musulmane","status":"publish","type":"page","link":"https:\/\/islamische-bestattung.de\/fr\/accompagnement-de-deuil-et-assistance-spirituelle-musulmane\/","title":{"rendered":"Accompagnement de deuil et assistance spirituelle musulmane"},"content":{"rendered":"<p>[et_pb_section fb_built=\u00a0\u00bb1&Prime; _builder_version=\u00a0\u00bb4.27.4&Prime; _module_preset=\u00a0\u00bbdefault\u00a0\u00bb background_color=\u00a0\u00bb#959d93&Prime; custom_margin=\u00a0\u00bb0px||||false|false\u00a0\u00bb custom_padding=\u00a0\u00bb8px||8px||true|false\u00a0\u00bb locked=\u00a0\u00bboff\u00a0\u00bb global_colors_info=\u00a0\u00bb{}\u00a0\u00bb][et_pb_row _builder_version=\u00a0\u00bb4.27.4&Prime; _module_preset=\u00a0\u00bbdefault\u00a0\u00bb global_colors_info=\u00a0\u00bb{}\u00a0\u00bb][et_pb_column type=\u00a0\u00bb4_4&Prime; _builder_version=\u00a0\u00bb4.27.4&Prime; _module_preset=\u00a0\u00bbdefault\u00a0\u00bb global_colors_info=\u00a0\u00bb{}\u00a0\u00bb][et_pb_text admin_label=\u00a0\u00bbHero Title\u00a0\u00bb _builder_version=\u00a0\u00bb4.27.5&Prime; text_font=\u00a0\u00bbPlayfair Display||||||||\u00a0\u00bb header_font=\u00a0\u00bbAlice||||||||\u00a0\u00bb header_text_color=\u00a0\u00bb#FFFFFF\u00a0\u00bb header_font_size=\u00a0\u00bb53px\u00a0\u00bb header_letter_spacing=\u00a0\u00bb-1px\u00a0\u00bb header_line_height=\u00a0\u00bb1.1em\u00a0\u00bb width=\u00a0\u00bb75%\u00a0\u00bb custom_margin=\u00a0\u00bb||0px|\u00a0\u00bb custom_padding=\u00a0\u00bb|||\u00a0\u00bb animation_style=\u00a0\u00bbslide\u00a0\u00bb animation_direction=\u00a0\u00bbleft\u00a0\u00bb animation_intensity_slide=\u00a0\u00bb5%\u00a0\u00bb animation_starting_opacity=\u00a0\u00bb100%\u00a0\u00bb header_font_size_tablet=\u00a0\u00bb\u00a0\u00bb header_font_size_phone=\u00a0\u00bb33px\u00a0\u00bb header_font_size_last_edited=\u00a0\u00bbon|phone\u00a0\u00bb locked=\u00a0\u00bboff\u00a0\u00bb global_colors_info=\u00a0\u00bb{}\u00a0\u00bb hover_enabled=\u00a0\u00bb0&Prime; sticky_enabled=\u00a0\u00bb0&Prime;]<\/p>\n<h1>Accompagnement de deuil et assistance spirituelle musulmane<\/h1>\n<p>[\/et_pb_text][\/et_pb_column][\/et_pb_row][\/et_pb_section][et_pb_section fb_built=\u00a0\u00bb1&Prime; custom_padding_last_edited=\u00a0\u00bbon|phone\u00a0\u00bb _builder_version=\u00a0\u00bb4.27.5&Prime; _module_preset=\u00a0\u00bbdefault\u00a0\u00bb custom_margin=\u00a0\u00bb50px||||false|false\u00a0\u00bb custom_margin_tablet=\u00a0\u00bb50px||||false|false\u00a0\u00bb custom_margin_phone=\u00a0\u00bb0px||||false|false\u00a0\u00bb custom_margin_last_edited=\u00a0\u00bbon|phone\u00a0\u00bb custom_padding=\u00a0\u00bb24px||105px|||\u00a0\u00bb custom_padding_tablet=\u00a0\u00bb24px||105px|||\u00a0\u00bb custom_padding_phone=\u00a0\u00bb24px||74px||false|false\u00a0\u00bb global_colors_info=\u00a0\u00bb{}\u00a0\u00bb][et_pb_row _builder_version=\u00a0\u00bb4.27.4&Prime; _module_preset=\u00a0\u00bbdefault\u00a0\u00bb max_width=\u00a0\u00bb100%\u00a0\u00bb custom_padding=\u00a0\u00bb||0px|||\u00a0\u00bb global_colors_info=\u00a0\u00bb{}\u00a0\u00bb][et_pb_column type=\u00a0\u00bb4_4&Prime; _builder_version=\u00a0\u00bb4.27.4&Prime; _module_preset=\u00a0\u00bbdefault\u00a0\u00bb global_colors_info=\u00a0\u00bb{}\u00a0\u00bb][et_pb_text admin_label=\u00a0\u00bbTitle\u00a0\u00bb _builder_version=\u00a0\u00bb4.27.5&Prime; text_font=\u00a0\u00bb||||||||\u00a0\u00bb header_font=\u00a0\u00bb||||||||\u00a0\u00bb header_2_font=\u00a0\u00bbAlice||||||||\u00a0\u00bb header_2_text_align=\u00a0\u00bbcenter\u00a0\u00bb header_2_font_size=\u00a0\u00bb42px\u00a0\u00bb header_2_line_height=\u00a0\u00bb1.3em\u00a0\u00bb custom_margin=\u00a0\u00bb||20px|\u00a0\u00bb animation_style=\u00a0\u00bbslide\u00a0\u00bb animation_direction=\u00a0\u00bbtop\u00a0\u00bb animation_intensity_slide=\u00a0\u00bb30%\u00a0\u00bb animation_starting_opacity=\u00a0\u00bb100%\u00a0\u00bb header_2_font_size_tablet=\u00a0\u00bb42px\u00a0\u00bb header_2_font_size_phone=\u00a0\u00bb27px\u00a0\u00bb header_2_font_size_last_edited=\u00a0\u00bbon|phone\u00a0\u00bb locked=\u00a0\u00bboff\u00a0\u00bb global_colors_info=\u00a0\u00bb{}\u00a0\u00bb]<\/p>\n<h2>Assistance spirituelle musulmane \u2013 \u00c9couter. Accompagner. Donner de l\u2019espoir.  <\/h2>\n<p>[\/et_pb_text][et_pb_text disabled_on=\u00a0\u00bboff|off|off\u00a0\u00bb _builder_version=\u00a0\u00bb4.27.5&Prime; text_font=\u00a0\u00bb||||||||\u00a0\u00bb text_font_size=\u00a0\u00bb16px\u00a0\u00bb text_line_height=\u00a0\u00bb1.8em\u00a0\u00bb custom_margin=\u00a0\u00bb||19px|||\u00a0\u00bb custom_padding=\u00a0\u00bb|||\u00a0\u00bb animation_style=\u00a0\u00bbslide\u00a0\u00bb animation_direction=\u00a0\u00bbleft\u00a0\u00bb animation_intensity_slide=\u00a0\u00bb5%\u00a0\u00bb animation_starting_opacity=\u00a0\u00bb100%\u00a0\u00bb locked=\u00a0\u00bboff\u00a0\u00bb global_colors_info=\u00a0\u00bb{}\u00a0\u00bb]<\/p>\n<p>L\u2019assistance spirituelle musulmane signifie aller \u00e0 la rencontre des gens l\u00e0 o\u00f9 ils se trouvent \u2013 dans leurs soucis, leurs questions, leurs crises et dans leurs moments de recherche de sens.<br \/>Ce n\u2019est pas un tabou, mais un lieu de soulagement, de confiance et de renforcement.<br \/><strong><\/strong><\/p>\n<p><strong>Nous accompagnons&nbsp;:<\/strong><br \/><strong>\u2022 dans les questions de foi et d\u2019orientation spirituelle<\/strong><br \/><strong>\u2022 dans le deuil, la maladie, la mort et le deuil<\/strong><br \/><strong>\u2022 dans les conflits, les charges familiales ou les transitions de vie<\/strong><br \/><strong>\u2022 dans la solitude, la peur, le d\u00e9sespoir ou le surmenage<\/strong><br \/><strong>\u2022 dans les crises des jeunes, des adultes et des seniors<\/strong><\/p>\n<p>L\u2019assistance spirituelle musulmane est bien plus qu\u2019une simple conversation.<br \/>Elle comprend&nbsp;: l\u2019\u00e9coute, la r\u00e9flexion, la tazkiya (purification int\u00e9rieure), l\u2019accompagnement dans les rituels, le soutien psychosocial, l\u2019accompagnement de deuil et l\u2019aide pratique \u2013 que ce soit \u00e0 l\u2019h\u00f4pital, \u00e0 la mosqu\u00e9e, dans les prisons, aupr\u00e8s des \u00e9quipes d\u2019intervention, des familles ou en ligne.<\/p>\n<p><strong>Notre mission est&nbsp;:<\/strong><br \/><strong>Encourager \u2013 au lieu de se taire.<\/strong><br \/><strong>Ouvrir l\u2019espoir \u2013 au lieu de condamner.<\/strong><br \/><strong>Donner une orientation \u2013 au lieu de laisser seul.<\/strong><\/p>\n<p>Qui demande, montre sa force.<br \/>Qui parle, trouve des chemins.<br \/>Qui est accompagn\u00e9, d\u00e9couvre de nouvelles portes.<\/p>\n<p>Afin de r\u00e9pondre aux besoins de tous, <strong>une conseill\u00e8re spirituelle musulmane et un conseiller spirituel musulman<\/strong> sont \u00e0 votre disposition.<br \/>Ainsi, les femmes, les hommes, les jeunes et les familles peuvent choisir un accompagnement qui leur semble s\u00fbr, appropri\u00e9 et digne de confiance.<\/p>\n<p>Nous travaillons au sein d\u2019une communaut\u00e9 forte et interconnect\u00e9e au niveau suprar\u00e9gional.<br \/>Si cela s\u2019av\u00e8re utile, nous pouvons <strong>vous mettre en relation avec des conseill\u00e8res ou des conseillers spirituels issus de votre environnement culturel ou parlant votre langue maternelle<\/strong> \u2013 car la communication se nourrit de la compr\u00e9hension, et pas seulement de la parole.<\/p>\n<p>L\u2019accompagnement spirituel est personnel. C\u2019est pourquoi nous respectons la sph\u00e8re priv\u00e9e, les parcours de vie individuels et les contextes culturels.<br \/>Que ce soit lors d\u2019une conversation, en cas de crise, de deuil, de maladie, de recherche d\u2019orientation ou de questions religieuses&nbsp;: <br \/><strong>Vous d\u00e9cidez qui vous accompagne<\/strong><\/p>\n<p>Nous vous invitons&nbsp;: Parlez-nous \u2013 de mani\u00e8re anonyme, confidentielle et sans jugement.<\/p>\n<p>[\/et_pb_text][\/et_pb_column][\/et_pb_row][et_pb_row custom_padding_last_edited=\u00a0\u00bbon|phone\u00a0\u00bb _builder_version=\u00a0\u00bb4.27.5&Prime; _module_preset=\u00a0\u00bbdefault\u00a0\u00bb max_width=\u00a0\u00bb100%\u00a0\u00bb custom_margin_tablet=\u00a0\u00bb\u00a0\u00bb custom_margin_phone=\u00a0\u00bb\u00a0\u00bb custom_margin_last_edited=\u00a0\u00bbon|phone\u00a0\u00bb custom_padding=\u00a0\u00bb48px||0px|||\u00a0\u00bb custom_padding_tablet=\u00a0\u00bb48px||0px|||\u00a0\u00bb custom_padding_phone=\u00a0\u00bb9px||||false|false\u00a0\u00bb global_colors_info=\u00a0\u00bb{}\u00a0\u00bb][et_pb_column type=\u00a0\u00bb4_4&Prime; _builder_version=\u00a0\u00bb4.27.5&Prime; _module_preset=\u00a0\u00bbdefault\u00a0\u00bb background_enable_color=\u00a0\u00bboff\u00a0\u00bb global_colors_info=\u00a0\u00bb{}\u00a0\u00bb][et_pb_text disabled_on=\u00a0\u00bboff|off|off\u00a0\u00bb _builder_version=\u00a0\u00bb4.27.5&Prime; _module_preset=\u00a0\u00bbdefault\u00a0\u00bb text_font=\u00a0\u00bb||||||||\u00a0\u00bb text_font_size=\u00a0\u00bb16px\u00a0\u00bb text_line_height=\u00a0\u00bb1.8em\u00a0\u00bb link_text_color=\u00a0\u00bb#c1a01d\u00a0\u00bb custom_margin=\u00a0\u00bb||19px|||\u00a0\u00bb custom_padding=\u00a0\u00bb|||\u00a0\u00bb animation_style=\u00a0\u00bbslide\u00a0\u00bb animation_direction=\u00a0\u00bbleft\u00a0\u00bb animation_intensity_slide=\u00a0\u00bb5%\u00a0\u00bb animation_starting_opacity=\u00a0\u00bb100%\u00a0\u00bb global_colors_info=\u00a0\u00bb{}\u00a0\u00bb]<\/p>\n<p style=\"text-align: center;\"><strong>D\u00e9tails sur la qualification<\/strong><\/p>\n<p><a href=\"https:\/\/www.muslimische-seelsorge.de\/\"><img loading=\"lazy\" decoding=\"async\" src=\"https:\/\/islamische-bestattung.de\/wp-content\/uploads\/2025\/12\/Bunt_AfmS_Logo-242x300.png\" width=\"100\" height=\"124\" alt=\"\" class=\"wp-image-481 alignnone size-medium\" style=\"display: block; margin-left: auto; margin-right: auto;\"><\/a><\/p>\n<p style=\"text-align: justify;\">Notre assistance spirituelle musulmane est assur\u00e9e par des conseill\u00e8res et conseillers spirituels qualifi\u00e9s, form\u00e9s par l\u2019<a href=\"https:\/\/www.muslimische-seelsorge.de\/\" target=\"_blank\" rel=\"noopener\">Akademie f\u00fcr muslimische Seelsorge e.V.<\/a>. Nous associons ainsi comp\u00e9tence professionnelle, empathie et un ancrage islamique clair afin d\u2019accompagner les personnes concern\u00e9es de mani\u00e8re responsable dans les moments difficiles. <\/p>\n<p>&nbsp;<\/p>\n<p>[\/et_pb_text][\/et_pb_column][\/et_pb_row][et_pb_row column_structure=\u00a0\u00bb1_2,1_2&Prime; use_custom_gutter=\u00a0\u00bbon\u00a0\u00bb gutter_width=\u00a0\u00bb2&Prime; _builder_version=\u00a0\u00bb4.27.4&Prime; _module_preset=\u00a0\u00bbdefault\u00a0\u00bb custom_padding=\u00a0\u00bb1px||0px||false|false\u00a0\u00bb locked=\u00a0\u00bboff\u00a0\u00bb global_colors_info=\u00a0\u00bb{}\u00a0\u00bb][et_pb_column type=\u00a0\u00bb1_2&Prime; _builder_version=\u00a0\u00bb4.27.4&Prime; _module_preset=\u00a0\u00bbdefault\u00a0\u00bb global_colors_info=\u00a0\u00bb{}\u00a0\u00bb][et_pb_button button_url=\u00a0\u00bbtel:+4945139733733&Prime; button_text=\u00a0\u00bbAppeler\u00a0\u00bb button_alignment=\u00a0\u00bbright\u00a0\u00bb button_alignment_tablet=\u00a0\u00bbright\u00a0\u00bb button_alignment_phone=\u00a0\u00bbcenter\u00a0\u00bb button_alignment_last_edited=\u00a0\u00bbon|desktop\u00a0\u00bb _builder_version=\u00a0\u00bb4.27.5&Prime; _module_preset=\u00a0\u00bbdefault\u00a0\u00bb custom_button=\u00a0\u00bbon\u00a0\u00bb button_text_color=\u00a0\u00bb#000000&Prime; global_colors_info=\u00a0\u00bb{}\u00a0\u00bb][\/et_pb_button][\/et_pb_column][et_pb_column type=\u00a0\u00bb1_2&Prime; _builder_version=\u00a0\u00bb4.27.4&Prime; _module_preset=\u00a0\u00bbdefault\u00a0\u00bb global_colors_info=\u00a0\u00bb{}\u00a0\u00bb][et_pb_button button_url=\u00a0\u00bbmailto:info@al-wasila.de\u00a0\u00bb button_text=\u00a0\u00bbE-mail\u00a0\u00bb button_alignment=\u00a0\u00bbleft\u00a0\u00bb button_alignment_tablet=\u00a0\u00bbright\u00a0\u00bb button_alignment_phone=\u00a0\u00bbcenter\u00a0\u00bb button_alignment_last_edited=\u00a0\u00bbon|desktop\u00a0\u00bb _builder_version=\u00a0\u00bb4.27.5&Prime; _module_preset=\u00a0\u00bbdefault\u00a0\u00bb custom_button=\u00a0\u00bbon\u00a0\u00bb button_text_color=\u00a0\u00bb#000000&Prime; global_colors_info=\u00a0\u00bb{}\u00a0\u00bb][\/et_pb_button][\/et_pb_column][\/et_pb_row][\/et_pb_section]<\/p>\n","protected":false},"excerpt":{"rendered":"<p>Accompagnement de deuil et assistance spirituelle musulmaneAssistance spirituelle musulmane \u2013 \u00c9couter. Accompagner. Donner de l\u2019espoir. L\u2019assistance spirituelle musulmane signifie aller \u00e0 la rencontre des gens l\u00e0 o\u00f9 ils se trouvent \u2013 dans leurs soucis, leurs questions, leurs crises et dans leurs moments de recherche de sens.Ce n\u2019est pas un tabou, mais un lieu de soulagement, [&hellip;]<\/p>\n","protected":false},"author":1,"featured_media":0,"parent":0,"menu_order":0,"comment_status":"closed","ping_status":"closed","template":"","meta":{"_et_pb_use_builder":"on","_et_pb_old_content":"","_et_gb_content_width":"","footnotes":""},"class_list":["post-1024","page","type-page","status-publish","hentry"],"yoast_head":"<!-- This site is optimized with the Yoast SEO plugin v27.5 - https:\/\/yoast.com\/product\/yoast-seo-wordpress\/ -->\n<title>Accompagnement de deuil et assistance spirituelle musulmane - Al-Wasila - Islamische Bestattung<\/title>\n<meta name=\"robots\" content=\"index, follow, max-snippet:-1, max-image-preview:large, max-video-preview:-1\" \/>\n<link rel=\"canonical\" href=\"https:\/\/islamische-bestattung.de\/fr\/accompagnement-de-deuil-et-assistance-spirituelle-musulmane\/\" \/>\n<meta property=\"og:locale\" content=\"fr_FR\" \/>\n<meta property=\"og:type\" content=\"article\" \/>\n<meta property=\"og:title\" content=\"Accompagnement de deuil et assistance spirituelle musulmane - Al-Wasila - Islamische Bestattung\" \/>\n<meta property=\"og:description\" content=\"Accompagnement de deuil et assistance spirituelle musulmaneAssistance spirituelle musulmane \u2013 \u00c9couter. Accompagner. Donner de l\u2019espoir. L\u2019assistance spirituelle musulmane signifie aller \u00e0 la rencontre des gens l\u00e0 o\u00f9 ils se trouvent \u2013 dans leurs soucis, leurs questions, leurs crises et dans leurs moments de recherche de sens.Ce n\u2019est pas un tabou, mais un lieu de soulagement, [&hellip;]\" \/>\n<meta property=\"og:url\" content=\"https:\/\/islamische-bestattung.de\/fr\/accompagnement-de-deuil-et-assistance-spirituelle-musulmane\/\" \/>\n<meta property=\"og:site_name\" content=\"Al-Wasila - Islamische Bestattung\" \/>\n<meta property=\"article:publisher\" content=\"https:\/\/www.facebook.com\/share\/1GHnfgAohf\/?mibextid=wwXIfr\" \/>\n<meta property=\"article:modified_time\" content=\"2026-02-01T14:04:19+00:00\" \/>\n<meta property=\"og:image\" content=\"https:\/\/islamische-bestattung.de\/wp-content\/uploads\/2025\/12\/Bunt_AfmS_Logo.png\" \/>\n\t<meta property=\"og:image:width\" content=\"670\" \/>\n\t<meta property=\"og:image:height\" content=\"830\" \/>\n\t<meta property=\"og:image:type\" content=\"image\/png\" \/>\n<meta name=\"twitter:card\" content=\"summary_large_image\" \/>\n<meta name=\"twitter:label1\" content=\"Dur\u00e9e de lecture estim\u00e9e\" \/>\n\t<meta name=\"twitter:data1\" content=\"5 minutes\" \/>\n<script type=\"application\/ld+json\" class=\"yoast-schema-graph\">{\"@context\":\"https:\\\/\\\/schema.org\",\"@graph\":[{\"@type\":\"WebPage\",\"@id\":\"https:\\\/\\\/islamische-bestattung.de\\\/fr\\\/accompagnement-de-deuil-et-assistance-spirituelle-musulmane\\\/\",\"url\":\"https:\\\/\\\/islamische-bestattung.de\\\/fr\\\/accompagnement-de-deuil-et-assistance-spirituelle-musulmane\\\/\",\"name\":\"Accompagnement de deuil et assistance spirituelle musulmane - Al-Wasila - Islamische Bestattung\",\"isPartOf\":{\"@id\":\"https:\\\/\\\/islamische-bestattung.de\\\/fr\\\/#website\"},\"primaryImageOfPage\":{\"@id\":\"https:\\\/\\\/islamische-bestattung.de\\\/fr\\\/accompagnement-de-deuil-et-assistance-spirituelle-musulmane\\\/#primaryimage\"},\"image\":{\"@id\":\"https:\\\/\\\/islamische-bestattung.de\\\/fr\\\/accompagnement-de-deuil-et-assistance-spirituelle-musulmane\\\/#primaryimage\"},\"thumbnailUrl\":\"https:\\\/\\\/islamische-bestattung.de\\\/wp-content\\\/uploads\\\/2025\\\/12\\\/Bunt_AfmS_Logo-242x300.png\",\"datePublished\":\"2025-12-19T07:57:39+00:00\",\"dateModified\":\"2026-02-01T14:04:19+00:00\",\"breadcrumb\":{\"@id\":\"https:\\\/\\\/islamische-bestattung.de\\\/fr\\\/accompagnement-de-deuil-et-assistance-spirituelle-musulmane\\\/#breadcrumb\"},\"inLanguage\":\"fr-FR\",\"potentialAction\":[{\"@type\":\"ReadAction\",\"target\":[\"https:\\\/\\\/islamische-bestattung.de\\\/fr\\\/accompagnement-de-deuil-et-assistance-spirituelle-musulmane\\\/\"]}]},{\"@type\":\"ImageObject\",\"inLanguage\":\"fr-FR\",\"@id\":\"https:\\\/\\\/islamische-bestattung.de\\\/fr\\\/accompagnement-de-deuil-et-assistance-spirituelle-musulmane\\\/#primaryimage\",\"url\":\"https:\\\/\\\/islamische-bestattung.de\\\/wp-content\\\/uploads\\\/2025\\\/12\\\/Bunt_AfmS_Logo-242x300.png\",\"contentUrl\":\"https:\\\/\\\/islamische-bestattung.de\\\/wp-content\\\/uploads\\\/2025\\\/12\\\/Bunt_AfmS_Logo-242x300.png\"},{\"@type\":\"BreadcrumbList\",\"@id\":\"https:\\\/\\\/islamische-bestattung.de\\\/fr\\\/accompagnement-de-deuil-et-assistance-spirituelle-musulmane\\\/#breadcrumb\",\"itemListElement\":[{\"@type\":\"ListItem\",\"position\":1,\"name\":\"Start\",\"item\":\"https:\\\/\\\/islamische-bestattung.de\\\/fr\\\/\"},{\"@type\":\"ListItem\",\"position\":2,\"name\":\"Accompagnement de deuil et assistance spirituelle musulmane\"}]},{\"@type\":\"WebSite\",\"@id\":\"https:\\\/\\\/islamische-bestattung.de\\\/fr\\\/#website\",\"url\":\"https:\\\/\\\/islamische-bestattung.de\\\/fr\\\/\",\"name\":\"Al-Wasila - Islamische Bestattung\",\"description\":\"Erster islamischer Meisterbetrieb im Bestattungswesen in Deutschland\",\"publisher\":{\"@id\":\"https:\\\/\\\/islamische-bestattung.de\\\/fr\\\/#organization\"},\"potentialAction\":[{\"@type\":\"SearchAction\",\"target\":{\"@type\":\"EntryPoint\",\"urlTemplate\":\"https:\\\/\\\/islamische-bestattung.de\\\/fr\\\/?s={search_term_string}\"},\"query-input\":{\"@type\":\"PropertyValueSpecification\",\"valueRequired\":true,\"valueName\":\"search_term_string\"}}],\"inLanguage\":\"fr-FR\"},{\"@type\":\"Organization\",\"@id\":\"https:\\\/\\\/islamische-bestattung.de\\\/fr\\\/#organization\",\"name\":\"Al-Wasila - Islamische Bestattung\",\"url\":\"https:\\\/\\\/islamische-bestattung.de\\\/fr\\\/\",\"logo\":{\"@type\":\"ImageObject\",\"inLanguage\":\"fr-FR\",\"@id\":\"https:\\\/\\\/islamische-bestattung.de\\\/fr\\\/#\\\/schema\\\/logo\\\/image\\\/\",\"url\":\"https:\\\/\\\/islamische-bestattung.de\\\/wp-content\\\/uploads\\\/2025\\\/11\\\/Al_Wasila_Logo_Vertikal.png\",\"contentUrl\":\"https:\\\/\\\/islamische-bestattung.de\\\/wp-content\\\/uploads\\\/2025\\\/11\\\/Al_Wasila_Logo_Vertikal.png\",\"width\":714,\"height\":576,\"caption\":\"Al-Wasila - Islamische Bestattung\"},\"image\":{\"@id\":\"https:\\\/\\\/islamische-bestattung.de\\\/fr\\\/#\\\/schema\\\/logo\\\/image\\\/\"},\"sameAs\":[\"https:\\\/\\\/www.facebook.com\\\/share\\\/1GHnfgAohf\\\/?mibextid=wwXIfr\",\"https:\\\/\\\/www.tiktok.com\\\/@alwasila.bestattung?_r=1&_t=ZG-92WkouZ6T8y\",\"https:\\\/\\\/www.instagram.com\\\/islamischebestattung.alwasila?igsh=bnI1OHE5MTNydHBk&utm_source=qr\"]}]}<\/script>\n<!-- \/ Yoast SEO plugin. -->","yoast_head_json":{"title":"Accompagnement de deuil et assistance spirituelle musulmane - Al-Wasila - Islamische Bestattung","robots":{"index":"index","follow":"follow","max-snippet":"max-snippet:-1","max-image-preview":"max-image-preview:large","max-video-preview":"max-video-preview:-1"},"canonical":"https:\/\/islamische-bestattung.de\/fr\/accompagnement-de-deuil-et-assistance-spirituelle-musulmane\/","og_locale":"fr_FR","og_type":"article","og_title":"Accompagnement de deuil et assistance spirituelle musulmane - Al-Wasila - Islamische Bestattung","og_description":"Accompagnement de deuil et assistance spirituelle musulmaneAssistance spirituelle musulmane \u2013 \u00c9couter. Accompagner. Donner de l\u2019espoir. L\u2019assistance spirituelle musulmane signifie aller \u00e0 la rencontre des gens l\u00e0 o\u00f9 ils se trouvent \u2013 dans leurs soucis, leurs questions, leurs crises et dans leurs moments de recherche de sens.Ce n\u2019est pas un tabou, mais un lieu de soulagement, [&hellip;]","og_url":"https:\/\/islamische-bestattung.de\/fr\/accompagnement-de-deuil-et-assistance-spirituelle-musulmane\/","og_site_name":"Al-Wasila - Islamische Bestattung","article_publisher":"https:\/\/www.facebook.com\/share\/1GHnfgAohf\/?mibextid=wwXIfr","article_modified_time":"2026-02-01T14:04:19+00:00","og_image":[{"width":670,"height":830,"url":"https:\/\/islamische-bestattung.de\/wp-content\/uploads\/2025\/12\/Bunt_AfmS_Logo.png","type":"image\/png"}],"twitter_card":"summary_large_image","twitter_misc":{"Dur\u00e9e de lecture estim\u00e9e":"5 minutes"},"schema":{"@context":"https:\/\/schema.org","@graph":[{"@type":"WebPage","@id":"https:\/\/islamische-bestattung.de\/fr\/accompagnement-de-deuil-et-assistance-spirituelle-musulmane\/","url":"https:\/\/islamische-bestattung.de\/fr\/accompagnement-de-deuil-et-assistance-spirituelle-musulmane\/","name":"Accompagnement de deuil et assistance spirituelle musulmane - Al-Wasila - Islamische Bestattung","isPartOf":{"@id":"https:\/\/islamische-bestattung.de\/fr\/#website"},"primaryImageOfPage":{"@id":"https:\/\/islamische-bestattung.de\/fr\/accompagnement-de-deuil-et-assistance-spirituelle-musulmane\/#primaryimage"},"image":{"@id":"https:\/\/islamische-bestattung.de\/fr\/accompagnement-de-deuil-et-assistance-spirituelle-musulmane\/#primaryimage"},"thumbnailUrl":"https:\/\/islamische-bestattung.de\/wp-content\/uploads\/2025\/12\/Bunt_AfmS_Logo-242x300.png","datePublished":"2025-12-19T07:57:39+00:00","dateModified":"2026-02-01T14:04:19+00:00","breadcrumb":{"@id":"https:\/\/islamische-bestattung.de\/fr\/accompagnement-de-deuil-et-assistance-spirituelle-musulmane\/#breadcrumb"},"inLanguage":"fr-FR","potentialAction":[{"@type":"ReadAction","target":["https:\/\/islamische-bestattung.de\/fr\/accompagnement-de-deuil-et-assistance-spirituelle-musulmane\/"]}]},{"@type":"ImageObject","inLanguage":"fr-FR","@id":"https:\/\/islamische-bestattung.de\/fr\/accompagnement-de-deuil-et-assistance-spirituelle-musulmane\/#primaryimage","url":"https:\/\/islamische-bestattung.de\/wp-content\/uploads\/2025\/12\/Bunt_AfmS_Logo-242x300.png","contentUrl":"https:\/\/islamische-bestattung.de\/wp-content\/uploads\/2025\/12\/Bunt_AfmS_Logo-242x300.png"},{"@type":"BreadcrumbList","@id":"https:\/\/islamische-bestattung.de\/fr\/accompagnement-de-deuil-et-assistance-spirituelle-musulmane\/#breadcrumb","itemListElement":[{"@type":"ListItem","position":1,"name":"Start","item":"https:\/\/islamische-bestattung.de\/fr\/"},{"@type":"ListItem","position":2,"name":"Accompagnement de deuil et assistance spirituelle musulmane"}]},{"@type":"WebSite","@id":"https:\/\/islamische-bestattung.de\/fr\/#website","url":"https:\/\/islamische-bestattung.de\/fr\/","name":"Al-Wasila - Islamische Bestattung","description":"Erster islamischer Meisterbetrieb im Bestattungswesen in Deutschland","publisher":{"@id":"https:\/\/islamische-bestattung.de\/fr\/#organization"},"potentialAction":[{"@type":"SearchAction","target":{"@type":"EntryPoint","urlTemplate":"https:\/\/islamische-bestattung.de\/fr\/?s={search_term_string}"},"query-input":{"@type":"PropertyValueSpecification","valueRequired":true,"valueName":"search_term_string"}}],"inLanguage":"fr-FR"},{"@type":"Organization","@id":"https:\/\/islamische-bestattung.de\/fr\/#organization","name":"Al-Wasila - Islamische Bestattung","url":"https:\/\/islamische-bestattung.de\/fr\/","logo":{"@type":"ImageObject","inLanguage":"fr-FR","@id":"https:\/\/islamische-bestattung.de\/fr\/#\/schema\/logo\/image\/","url":"https:\/\/islamische-bestattung.de\/wp-content\/uploads\/2025\/11\/Al_Wasila_Logo_Vertikal.png","contentUrl":"https:\/\/islamische-bestattung.de\/wp-content\/uploads\/2025\/11\/Al_Wasila_Logo_Vertikal.png","width":714,"height":576,"caption":"Al-Wasila - Islamische Bestattung"},"image":{"@id":"https:\/\/islamische-bestattung.de\/fr\/#\/schema\/logo\/image\/"},"sameAs":["https:\/\/www.facebook.com\/share\/1GHnfgAohf\/?mibextid=wwXIfr","https:\/\/www.tiktok.com\/@alwasila.bestattung?_r=1&_t=ZG-92WkouZ6T8y","https:\/\/www.instagram.com\/islamischebestattung.alwasila?igsh=bnI1OHE5MTNydHBk&utm_source=qr"]}]}},"_links":{"self":[{"href":"https:\/\/islamische-bestattung.de\/fr\/wp-json\/wp\/v2\/pages\/1024","targetHints":{"allow":["GET"]}}],"collection":[{"href":"https:\/\/islamische-bestattung.de\/fr\/wp-json\/wp\/v2\/pages"}],"about":[{"href":"https:\/\/islamische-bestattung.de\/fr\/wp-json\/wp\/v2\/types\/page"}],"author":[{"embeddable":true,"href":"https:\/\/islamische-bestattung.de\/fr\/wp-json\/wp\/v2\/users\/1"}],"replies":[{"embeddable":true,"href":"https:\/\/islamische-bestattung.de\/fr\/wp-json\/wp\/v2\/comments?post=1024"}],"version-history":[{"count":2,"href":"https:\/\/islamische-bestattung.de\/fr\/wp-json\/wp\/v2\/pages\/1024\/revisions"}],"predecessor-version":[{"id":1026,"href":"https:\/\/islamische-bestattung.de\/fr\/wp-json\/wp\/v2\/pages\/1024\/revisions\/1026"}],"wp:attachment":[{"href":"https:\/\/islamische-bestattung.de\/fr\/wp-json\/wp\/v2\/media?parent=1024"}],"curies":[{"name":"wp","href":"https:\/\/api.w.org\/{rel}","templated":true}]}}